{"id":31823,"date":"2026-01-13T15:02:51","date_gmt":"2026-01-13T11:02:51","guid":{"rendered":"https:\/\/omanphone.shop\/?post_type=product&#038;p=31823"},"modified":"2026-05-12T02:29:40","modified_gmt":"2026-05-11T22:29:40","slug":"tp-link-ac1200-re315-wi-fi-range-extender","status":"publish","type":"product","link":"https:\/\/omanphone.shop\/ar\/product\/tp-link-ac1200-re315-wi-fi-range-extender\/","title":{"rendered":"TP link AC1200 ( RE315) Wi-Fi Range Extender"},"content":{"rendered":"<ul>\n<li>TP-Link RE315 AC1200 Dual Band Mesh Wireless Range Extender with 10\/100 Ethernet Port\n<ul>\n<li>Eliminate weak signal areas with whole home Wi-Fi coverage<\/li>\n<li>2.4 GHz (300Mbps) and 5 GHz (867Mbps) dual-band WiFi connection ensures more stable wireless experience<\/li>\n<li>Creates a Mesh network by connecting to a OneMesh router for seamless whole-home coverage<\/li>\n<li>Adaptive Path Selection &#8211; connects to the fastest connection path to the router automatically and runs at top-speed<\/li>\n<li>High Speed Mode &#8211; maximizes speed by using one WiFi band as dedicated backhaul, ideal for HD streaming and gaming<\/li>\n<li>AP Mode &#8211; create a new Wi-Fi access point to enhance your wired network with Wi-Fi capability<\/li>\n<li>Smart Signal Indicator &#8211; helps to fi\u00adnd the best location for optimal Wi-Fi coverage by showing the signal strength<\/li>\n<li>Push the WPS button to easily connect to the router and you can uniformly manage from the Tether app or Web UI<\/li>\n<\/ul>\n<\/li>\n<li><\/li>\n<li>\n<table class=\"table table-bordered\" style=\"height: 608px\" width=\"864\">\n<tbody>\n<tr>\n<td>\u0645\u0627\u0631\u0643\u0629<\/td>\n<td>TP-Link<\/td>\n<\/tr>\n<tr>\n<td>\u0631\u0642\u0645 \u0645\u0648\u062f\u064a\u0644 \u0627\u0644\u0633\u0644\u0639\u0629<\/td>\n<td>NET-RE315<\/td>\n<\/tr>\n<tr>\n<td>\u0646\u0648\u0639 \u0627\u0644\u0645\u0646\u062a\u062c<\/td>\n<td>Range Extender<\/td>\n<\/tr>\n<tr>\n<td>\u0627\u0644\u0648\u0627\u062c\u0647\u0629<\/td>\n<td>1 x 10\/100M Ethernet Port (RJ45)<\/td>\n<\/tr>\n<tr>\n<td>\u0632\u0631<\/td>\n<td>\u0632\u0631 WPS\u060c \u0632\u0631 \u0625\u0639\u0627\u062f\u0629 \u0627\u0644\u0636\u0628\u0637<\/td>\n<\/tr>\n<tr>\n<td>\u0627\u0633\u062a\u0647\u0644\u0627\u0643 \u0627\u0644\u0637\u0627\u0642\u0629<\/td>\n<td>9.5W\uff08max power consumption)<\/td>\n<\/tr>\n<tr>\n<td>Dimensions ( W x D x H )<\/td>\n<td>3.5\u00d71.4\u00d74.9 in. (89\u00d735.0\u00d7124.1 mm)<\/td>\n<\/tr>\n<tr>\n<td>Antenna<\/td>\n<td>2 External Antennas<\/td>\n<\/tr>\n<tr>\n<td>Wireless Standards<\/td>\n<td>IEEE 802.11a\/n\/ac 5 GHz, IEEE 802.11b\/g\/n 2.4 GHz<\/td>\n<\/tr>\n<tr>\n<td>\u062a\u0643\u0631\u0627\u0631<\/td>\n<td>2.4GHz &amp; 5GHz(11ac)<\/td>\n<\/tr>\n<tr>\n<td>\u0642\u0648\u0629 \u0627\u0644\u0646\u0642\u0644<\/td>\n<td>2.4 GHz \u226420dBm, 5 GHz \u226430dBm<\/td>\n<\/tr>\n<\/tbody>\n<\/table>\n<\/li>\n<\/ul>","protected":false},"excerpt":{"rendered":"<p>TP-Link RE315 AC1200 Dual Band Mesh Wireless Range Extender with 10\/100 Ethernet Port Eliminate weak signal areas with whole home<\/p>","protected":false},"featured_media":31825,"comment_status":"open","ping_status":"closed","template":"","meta":{"jetpack_publicize_message":"","jetpack_publicize_feature_enabled":true,"jetpack_social_post_already_shared":true,"jetpack_social_options":{"image_generator_settings":{"template":"highway","default_image_id":0,"font":"","enabled":false},"version":2}},"product_brand":[1280],"product_cat":[416,1609,528],"product_tag":[],"class_list":{"0":"post-31823","1":"product","2":"type-product","3":"status-publish","4":"has-post-thumbnail","6":"product_brand-tplink","7":"product_cat-accessories","8":"product_cat-april-offer","9":"product_cat-mix-brands","11":"first","12":"instock","13":"shipping-taxable","14":"purchasable","15":"product-type-simple"},"jetpack_publicize_connections":[],"jetpack_sharing_enabled":true,"_links":{"self":[{"href":"https:\/\/omanphone.shop\/ar\/wp-json\/wp\/v2\/product\/31823","targetHints":{"allow":["GET"]}}],"collection":[{"href":"https:\/\/omanphone.shop\/ar\/wp-json\/wp\/v2\/product"}],"about":[{"href":"https:\/\/omanphone.shop\/ar\/wp-json\/wp\/v2\/types\/product"}],"replies":[{"embeddable":true,"href":"https:\/\/omanphone.shop\/ar\/wp-json\/wp\/v2\/comments?post=31823"}],"version-history":[{"count":3,"href":"https:\/\/omanphone.shop\/ar\/wp-json\/wp\/v2\/product\/31823\/revisions"}],"predecessor-version":[{"id":31993,"href":"https:\/\/omanphone.shop\/ar\/wp-json\/wp\/v2\/product\/31823\/revisions\/31993"}],"wp:featuredmedia":[{"embeddable":true,"href":"https:\/\/omanphone.shop\/ar\/wp-json\/wp\/v2\/media\/31825"}],"wp:attachment":[{"href":"https:\/\/omanphone.shop\/ar\/wp-json\/wp\/v2\/media?parent=31823"}],"wp:term":[{"taxonomy":"product_brand","embeddable":true,"href":"https:\/\/omanphone.shop\/ar\/wp-json\/wp\/v2\/product_brand?post=31823"},{"taxonomy":"product_cat","embeddable":true,"href":"https:\/\/omanphone.shop\/ar\/wp-json\/wp\/v2\/product_cat?post=31823"},{"taxonomy":"product_tag","embeddable":true,"href":"https:\/\/omanphone.shop\/ar\/wp-json\/wp\/v2\/product_tag?post=31823"}],"curies":[{"name":"wp","href":"https:\/\/api.w.org\/{rel}","templated":true}]}}