{"id":30701,"date":"2025-12-16T18:32:54","date_gmt":"2025-12-16T14:32:54","guid":{"rendered":"https:\/\/omanphone.shop\/?post_type=product&#038;p=30701"},"modified":"2026-02-12T15:54:00","modified_gmt":"2026-02-12T11:54:00","slug":"huawei-freeclip-2-blue","status":"publish","type":"product","link":"https:\/\/omanphone.shop\/ar\/product\/huawei-freeclip-2-blue\/","title":{"rendered":"Huawei FreeClip 2 Blue"},"content":{"rendered":"<ul class=\"large-accordion__list\">\n<li class=\"large-accordion__item\"><button class=\"large-accordion__button large-accordion__button--expanded js-large-accordion-button\" type=\"button\"><span class=\"large-accordion__title large-accordion-title\">\u0623\u0628\u0639\u0627\u062f<\/span><\/button>\n<div class=\"large-accordion__content\">\n<div class=\"\">\n<div class=\"large-accordion-columns\">\n<div class=\"large-accordion__inner\">\n<div class=\"large-accordion-subtitle\">\u0633\u0645\u0627\u0639\u0627\u062a \u0627\u0644\u0623\u0630\u0646:<\/div>\n<p>25.4 mm (Height) \u00d7 26.7 mm (Width) \u00d7 18.8 mm (Depth)<\/p>\n<\/div>\n<div class=\"large-accordion__inner\">\n<div class=\"large-accordion-subtitle\">\u0639\u0644\u0628\u0629 \u0627\u0644\u0634\u062d\u0646:<\/div>\n<p>50.0 mm (Length) \u00d7 49.6 mm (Width) \u00d7 25.0 mm (Depth)<\/p>\n<\/div>\n<div class=\"large-accordion__inner\">\n<p class=\"large-accordion-text\">*Actual dimensions may vary depending on configuration, manufacturing process, and measurement method.<\/p>\n<\/div>\n<\/div>\n<\/div>\n<\/div>\n<\/li>\n<li class=\"large-accordion__item\"><button class=\"large-accordion__button large-accordion__button--expanded js-large-accordion-button\" type=\"button\"><span class=\"large-accordion__title large-accordion-title\">\u0648\u0632\u0646<\/span><\/button>\n<div class=\"large-accordion__content\">\n<div class=\"\">\n<div class=\"large-accordion-columns\">\n<div class=\"large-accordion__inner\">\n<p>Each earbud: approx. 5.1 g<\/p>\n<p>Charging case: approx. 37.8 g<\/p>\n<\/div>\n<div class=\"large-accordion__inner\">\n<p class=\"large-accordion-text\">*The actual weight may vary slightly according to configuration, manufacturing process, and measurement method.<\/p>\n<\/div>\n<\/div>\n<\/div>\n<\/div>\n<\/li>\n<li class=\"large-accordion__item\"><button class=\"large-accordion__button large-accordion__button--expanded js-large-accordion-button\" type=\"button\"><span class=\"large-accordion__title large-accordion-title\">\u0627\u0644\u0645\u062a\u062d\u062f\u062b<\/span><\/button>\n<div class=\"large-accordion__content\">\n<div class=\"\">\n<div class=\"large-accordion-columns\">\n<div class=\"large-accordion__inner\">\n<p>10.8 mm powerful dual-diaphram driver<\/p>\n<p>Frequency response range: 20 Hz to 20 kHz<\/p>\n<\/div>\n<\/div>\n<\/div>\n<\/div>\n<\/li>\n<li class=\"large-accordion__item\"><button class=\"large-accordion__button large-accordion__button--expanded js-large-accordion-button\" type=\"button\"><span class=\"large-accordion__title large-accordion-title\">\u0628\u0637\u0627\u0631\u064a\u0629<\/span><\/button>\n<div class=\"large-accordion__content\">\n<div class=\"\">\n<div class=\"large-accordion-columns\">\n<div class=\"large-accordion__inner\">\n<div class=\"large-accordion-subtitle\">\u0633\u0639\u0629 \u0627\u0644\u0628\u0637\u0627\u0631\u064a\u0629<\/div>\n<p>Eearbuds: 60 mAh (Typical capacity each)<\/p>\n<p>Charging case: 537 mAh (Typical capacity)<\/p>\n<\/div>\n<div class=\"large-accordion__inner\">\n<div class=\"large-accordion-subtitle\">\u0637\u0631\u064a\u0642\u0629 \u0627\u0644\u0634\u062d\u0646<\/div>\n<p>Wireless charger: up to 3 W<\/p>\n<p>Wired charging: USB Type-C Port, 5V 1.5A<\/p>\n<\/div>\n<div class=\"large-accordion__inner\">\n<div class=\"large-accordion-subtitle\">Charging Time*<\/div>\n<p>Wired charging:<\/p>\n<p>Charging case only, about 50 minutes;<\/p>\n<p>Earbuds and charging case, about 60 minutes;<\/p>\n<p>Charging case to charge the earbuds, about 40 minutes.<\/p>\n<p>Wireless charging:<\/p>\n<p>Charging case only, about 150 minutes.<\/p>\n<\/div>\n<div class=\"large-accordion__inner\">\n<div class=\"large-accordion-subtitle\">Battery Life**<\/div>\n<p>Music playback: 9 hours after a full charge and 38 hours with a fully charged charging case.<\/p>\n<p>Voice calling: 6 hours after a full charge and 25 hours with a fully charged charging case.<\/p>\n<\/div>\n<div class=\"large-accordion__inner\">\n<p class=\"large-accordion-text\">*The charging data comes from Huawei lab tests. During testing, the ambient temperature is 25\u00b0C, and the charging coil on the case facing the center of the wireless charger\uff0cactual results may vary depending on the environmental factors and usage habits.<\/p>\n<p class=\"large-accordion-text\">**The battery life data come from Huawei lab tests. Music playback test: During the tests, audio in AAC format was played at 50% volume level. The default settings were used for other features. Actual results may vary depending on the volume, audio source, environmental interference, product features, and usage habits.<br \/>\nVoice calling test: A calling was made at 50% volume level in a low-noise environment. The default settings were used for other features. Actual results may vary depending on the volume, environmental interference, noise, product features, auxiliary devices, system, and usage habits.<\/p>\n<\/div>\n<\/div>\n<\/div>\n<\/div>\n<\/li>\n<li class=\"large-accordion__item\"><button class=\"large-accordion__button large-accordion__button--expanded js-large-accordion-button\" type=\"button\"><span class=\"large-accordion__title large-accordion-title\">\u0639\u0646\u0627\u0635\u0631 \u0627\u0644\u062a\u062d\u0643\u0645<\/span><\/button>\n<div class=\"large-accordion__content\">\n<div class=\"\">\n<div class=\"large-accordion-columns\">\n<div class=\"large-accordion__inner\">\n<p>Double-tap: Plays\/pauses audio or answers\/ends a call<\/p>\n<p>Triple-tap: Plays the next track<\/p>\n<p>Swipe: Swipe up or down to increase or decrease the volume<\/p>\n<\/div>\n<div class=\"large-accordion__inner\">\n<p class=\"large-accordion-text\">*You can customise gestures in the HUAWEI Audio Connect app. Actual features may vary.<\/p>\n<\/div>\n<\/div>\n<\/div>\n<\/div>\n<\/li>\n<li class=\"large-accordion__item\"><button class=\"large-accordion__button large-accordion__button--expanded js-large-accordion-button\" type=\"button\"><span class=\"large-accordion__title large-accordion-title\">\u0627\u0644\u0627\u062a\u0635\u0627\u0644<\/span><\/button>\n<div class=\"large-accordion__content\">\n<div class=\"\">\n<div class=\"large-accordion-columns\">\n<div class=\"large-accordion__inner\">\n<p>Bluetooth Compatibility<\/p>\n<p>BT 6.0<\/p>\n<\/div>\n<div class=\"large-accordion__inner\">\n<p>Pop-Up Pair*<\/p>\n<p>\u0645\u062f\u0639\u0648\u0645<\/p>\n<\/div>\n<div class=\"large-accordion__inner\">\n<p>Simultaneous Bluetooth connection with dual devices:<\/p>\n<p>\u0645\u062f\u0639\u0648\u0645<\/p>\n<\/div>\n<div class=\"large-accordion__inner\">\n<p class=\"large-accordion-text\">*This feature is compatible with Huawei phones or tablets running EMUI 10.0 or later.<\/p>\n<\/div>\n<\/div>\n<\/div>\n<\/div>\n<\/li>\n<li class=\"large-accordion__item\"><button class=\"large-accordion__button large-accordion__button--expanded js-large-accordion-button\" type=\"button\"><span class=\"large-accordion__title large-accordion-title\">\u0627\u0644\u0645\u0633\u062a\u0634\u0639\u0631<\/span><\/button>\n<div class=\"large-accordion__content\">\n<div class=\"\">\n<div class=\"large-accordion-columns\">\n<div class=\"large-accordion__inner\">\n<p>Infrared sensor, Hall sensor, Gyroscope and accelerometer integrated sensor, Bone acoustic sensor, Touch sensor<\/p>\n<\/div>\n<\/div>\n<\/div>\n<\/div>\n<\/li>\n<li class=\"large-accordion__item\"><button class=\"large-accordion__button large-accordion__button--expanded js-large-accordion-button\" type=\"button\"><span class=\"large-accordion__title large-accordion-title\">\u062a\u0643\u0646\u0648\u0644\u0648\u062c\u064a\u0627 \u0627\u0644\u0635\u0648\u062a<\/span><\/button>\n<div class=\"large-accordion__content\">\n<div class=\"\">\n<div class=\"large-accordion-columns\">\n<div class=\"large-accordion__inner\">\n<p>Call noise cancellation\/Multi-EQ sound effects (Include custom sound effect), Adaptive volume<\/p>\n<\/div>\n<\/div>\n<\/div>\n<\/div>\n<\/li>\n<li class=\"large-accordion__item\"><button class=\"large-accordion__button large-accordion__button--expanded js-large-accordion-button\" type=\"button\"><span class=\"large-accordion__title large-accordion-title\">\u0645\u0642\u0627\u0648\u0645 \u0644\u0644\u0631\u0630\u0627\u0630 \u0648\u0627\u0644\u0645\u0627\u0621 \u0648\u0627\u0644\u063a\u0628\u0627\u0631<\/span><\/button>\n<div class=\"large-accordion__content\">\n<div class=\"\">\n<div class=\"large-accordion-columns\">\n<div class=\"large-accordion__inner\">\n<p>Earbuds: IP57<\/p>\n<p>Charging case: IP54<\/p>\n<\/div>\n<div class=\"large-accordion__inner\">\n<p class=\"large-accordion-text\">*The IP57 dustproof and waterproof condition applies to the earbuds body, and IP54 dustproof and waterproof condition applies to the charging case. This is not a professional waterproof device. It is splashproof, waterproof, and dustproof under normal use and was tested under controlled laboratory conditions. It is rated as the IP57 for the earbuds body and IP54 for the charging case under IEC standard 60529. The earbuds should not be worn while swimming, showering, or engaging in any other activities that involve high water pressure or fast-flowing water. Splash, water, and dust resistance are not permanent conditions and resistance may decrease over time with normal use.<\/p>\n<\/div>\n<\/div>\n<\/div>\n<\/div>\n<\/li>\n<li class=\"large-accordion__item\"><button class=\"large-accordion__button large-accordion__button--expanded js-large-accordion-button\" type=\"button\"><span class=\"large-accordion__title large-accordion-title\">\u0641\u064a \u0627\u0644\u0635\u0646\u062f\u0648\u0642<\/span><\/button>\n<div class=\"large-accordion__content\">\n<div class=\"\">\n<div class=\"large-accordion-columns\">\n<div class=\"large-accordion__inner\">\n<p>The gift box is sealed in plastic. In the gift box, there are:<\/p>\n<p>Earbuds \u00d7 1 pair (left and right)<\/p>\n<p>Charging case \u00d7 1<\/p>\n<p>Quick Start Guide &amp; Safety information \u00d7 1<\/p>\n<p>Warranty card \u00d7 1<\/p>\n<\/div>\n<\/div>\n<\/div>\n<\/div>\n<\/li>\n<\/ul>","protected":false},"excerpt":{"rendered":"<p>Dimensions Earbuds: 25.4 mm (Height) \u00d7 26.7 mm (Width) \u00d7 18.8 mm (Depth) Charging case: 50.0 mm (Length) \u00d7 49.6<\/p>","protected":false},"featured_media":30704,"comment_status":"open","ping_status":"closed","template":"","meta":{"jetpack_publicize_message":"","jetpack_publicize_feature_enabled":true,"jetpack_social_post_already_shared":true,"jetpack_social_options":{"image_generator_settings":{"template":"highway","default_image_id":0,"font":"","enabled":false},"version":2}},"product_brand":[1426],"product_cat":[416,422,1425,498],"product_tag":[],"class_list":{"0":"post-30701","1":"product","2":"type-product","3":"status-publish","4":"has-post-thumbnail","6":"product_brand-huawei","7":"product_cat-accessories","8":"product_cat-audio","9":"product_cat-freeclip2","10":"product_cat-huawei","12":"first","13":"instock","14":"sale","15":"shipping-taxable","16":"purchasable","17":"product-type-simple"},"jetpack_publicize_connections":[],"jetpack_sharing_enabled":true,"_links":{"self":[{"href":"https:\/\/omanphone.shop\/ar\/wp-json\/wp\/v2\/product\/30701","targetHints":{"allow":["GET"]}}],"collection":[{"href":"https:\/\/omanphone.shop\/ar\/wp-json\/wp\/v2\/product"}],"about":[{"href":"https:\/\/omanphone.shop\/ar\/wp-json\/wp\/v2\/types\/product"}],"replies":[{"embeddable":true,"href":"https:\/\/omanphone.shop\/ar\/wp-json\/wp\/v2\/comments?post=30701"}],"version-history":[{"count":3,"href":"https:\/\/omanphone.shop\/ar\/wp-json\/wp\/v2\/product\/30701\/revisions"}],"predecessor-version":[{"id":30718,"href":"https:\/\/omanphone.shop\/ar\/wp-json\/wp\/v2\/product\/30701\/revisions\/30718"}],"wp:featuredmedia":[{"embeddable":true,"href":"https:\/\/omanphone.shop\/ar\/wp-json\/wp\/v2\/media\/30704"}],"wp:attachment":[{"href":"https:\/\/omanphone.shop\/ar\/wp-json\/wp\/v2\/media?parent=30701"}],"wp:term":[{"taxonomy":"product_brand","embeddable":true,"href":"https:\/\/omanphone.shop\/ar\/wp-json\/wp\/v2\/product_brand?post=30701"},{"taxonomy":"product_cat","embeddable":true,"href":"https:\/\/omanphone.shop\/ar\/wp-json\/wp\/v2\/product_cat?post=30701"},{"taxonomy":"product_tag","embeddable":true,"href":"https:\/\/omanphone.shop\/ar\/wp-json\/wp\/v2\/product_tag?post=30701"}],"curies":[{"name":"wp","href":"https:\/\/api.w.org\/{rel}","templated":true}]}}