{"id":26415,"date":"2025-05-06T13:26:44","date_gmt":"2025-05-06T09:26:44","guid":{"rendered":"https:\/\/omanphone.shop\/?post_type=product&#038;p=26415"},"modified":"2026-02-12T15:51:59","modified_gmt":"2026-02-12T11:51:59","slug":"ezviz-h80x-dual-cam-outdoor","status":"publish","type":"product","link":"https:\/\/omanphone.shop\/ar\/product\/ezviz-h80x-dual-cam-outdoor\/","title":{"rendered":"EZVIZ H80X Dual cam outdoor"},"content":{"rendered":"<table class=\"pro_infobox\">\n<tbody>\n<tr class=\"line firstRow\">\n<th class=\"title\" colspan=\"2\" rowspan=\"1\">\u062a\u062d\u062f\u064a\u062f<\/th>\n<\/tr>\n<tr class=\"lines\">\n<th colspan=\"1\" rowspan=\"1\" width=\"200\">\u0646\u0645\u0648\u0630\u062c<\/th>\n<td class=\"tdline3\" colspan=\"1\" rowspan=\"1\">CS-H80x-R100-8G82WKFL<\/td>\n<\/tr>\n<tr class=\"line\">\n<th class=\"title\" colspan=\"2\" rowspan=\"1\">\u0622\u0644\u0629 \u062a\u0635\u0648\u064a\u0631<\/th>\n<\/tr>\n<tr class=\"lines\">\n<th colspan=\"1\" rowspan=\"1\" width=\"200\">Image Sensor<\/th>\n<td class=\"tdline3\" colspan=\"1\" rowspan=\"1\">1\/2.7\u201d + 1\/2.9\u201d Progressive Scan CMOS<\/td>\n<\/tr>\n<tr class=\"lines\">\n<th colspan=\"1\" rowspan=\"1\" width=\"200\">\u0633\u0631\u0639\u0629 \u0627\u0644\u063a\u0627\u0644\u0642<\/th>\n<td class=\"tdline3\" colspan=\"1\" rowspan=\"1\">\u0645\u0635\u0631\u0627\u0639 \u0630\u0627\u062a\u064a \u0627\u0644\u062a\u0643\u064a\u0641<\/td>\n<\/tr>\n<tr class=\"lines\">\n<th colspan=\"1\" rowspan=\"1\" width=\"200\">\u0639\u062f\u0633\u0629<\/th>\n<td class=\"tdline3\" colspan=\"1\" rowspan=\"1\">4mm @ F1.0, viewing angle: 46\u00b0 (Vertical), 87\u00b0 (Horizontal), 103\u00b0 (Diagonal) (1080p) 4mm @ F1.6, viewing angle: 46\u00b0 (Vertical), 87\u00b0 (Horizontal), 103\u00b0 (Diagonal) (4K)<\/td>\n<\/tr>\n<tr class=\"lines\">\n<th colspan=\"1\" rowspan=\"1\" width=\"200\">PT Angle<\/th>\n<td class=\"tdline3\" colspan=\"1\" rowspan=\"1\">Pan: 340\u00b0, Tilt: 70\u00b0<\/td>\n<\/tr>\n<tr class=\"lines\">\n<th colspan=\"1\" rowspan=\"1\" width=\"200\">Minimum Illumination<\/th>\n<td class=\"tdline3\" colspan=\"1\" rowspan=\"1\">0.01 Lux @ (F1.0, AGC ON), 0 Lux with IR (*data is obtained from EZVIZ laboratories)<\/td>\n<\/tr>\n<tr class=\"lines\">\n<th colspan=\"1\" rowspan=\"1\" width=\"200\">\u062d\u0627\u0645\u0644 \u0627\u0644\u0639\u062f\u0633\u0629<\/th>\n<td class=\"tdline3\" colspan=\"1\" rowspan=\"1\">\u064512<\/td>\n<\/tr>\n<tr class=\"lines\">\n<th colspan=\"1\" rowspan=\"1\" width=\"200\">Day \/ Night Switch<\/th>\n<td class=\"tdline3\" colspan=\"1\" rowspan=\"1\">\u0641\u0644\u062a\u0631 \u0642\u0637\u0639 \u0627\u0644\u0623\u0634\u0639\u0629 \u062a\u062d\u062a \u0627\u0644\u062d\u0645\u0631\u0627\u0621 \u0645\u0639 \u0645\u0641\u062a\u0627\u062d \u062a\u0644\u0642\u0627\u0626\u064a<\/td>\n<\/tr>\n<tr class=\"lines\">\n<th colspan=\"1\" rowspan=\"1\" width=\"200\">\u0644\u0627 \u0644\u0644\u0625\u0646\u0639\u0627\u0634<\/th>\n<td class=\"tdline3\" colspan=\"1\" rowspan=\"1\">3D \u0639\u062f\u0645 \u0627\u0644\u0625\u0646\u0639\u0627\u0634<\/td>\n<\/tr>\n<tr class=\"lines\">\n<th colspan=\"1\" rowspan=\"1\" width=\"200\">\u0646\u0637\u0627\u0642 \u0627\u0644\u0639\u0631\u0636 \u0627\u0644\u062f\u064a\u0646\u0627\u0645\u064a\u0643\u064a<\/th>\n<td class=\"tdline3\" colspan=\"1\" rowspan=\"1\">\u0627\u0644\u0646\u0637\u0627\u0642 \u0627\u0644\u062f\u064a\u0646\u0627\u0645\u064a\u0643\u064a \u0627\u0644\u0639\u0627\u0644\u0645\u064a \u0627\u0644\u0631\u0642\u0645\u064a<\/td>\n<\/tr>\n<tr class=\"lines\">\n<th colspan=\"1\" rowspan=\"1\" width=\"200\">BLC<\/th>\n<td class=\"tdline3\" colspan=\"1\" rowspan=\"1\">Supports<\/td>\n<\/tr>\n<tr class=\"lines\">\n<th colspan=\"1\" rowspan=\"1\" width=\"200\">Black &amp; White Night<\/th>\n<td class=\"tdline3\" colspan=\"1\" rowspan=\"1\">30m \/ 98ft<\/td>\n<\/tr>\n<tr class=\"line\">\n<th class=\"title\" colspan=\"2\" rowspan=\"1\">Video &amp; Audio<\/th>\n<\/tr>\n<tr class=\"lines\">\n<th colspan=\"1\" rowspan=\"1\" width=\"200\">Max Resolution<\/th>\n<td class=\"tdline3\" colspan=\"1\" rowspan=\"1\">3840 \u00d7 2160<\/td>\n<\/tr>\n<tr class=\"lines\">\n<th colspan=\"1\" rowspan=\"1\" width=\"200\">\u0645\u0639\u062f\u0644 \u0627\u0644\u0625\u0637\u0627\u0631\u0627\u062a<\/th>\n<td class=\"tdline3\" colspan=\"1\" rowspan=\"1\">\u0627\u0644\u062a\u0643\u064a\u0641 \u0627\u0644\u0630\u0627\u062a\u064a \u0623\u062b\u0646\u0627\u0621 \u0646\u0642\u0644 \u0627\u0644\u0634\u0628\u0643\u0629<\/td>\n<\/tr>\n<tr class=\"lines\">\n<th colspan=\"1\" rowspan=\"1\" width=\"200\">\u0636\u063a\u0637 \u0627\u0644\u0641\u064a\u062f\u064a\u0648<\/th>\n<td class=\"tdline3\" colspan=\"1\" rowspan=\"1\">H.265 \/ H.264<\/td>\n<\/tr>\n<tr class=\"lines\">\n<th colspan=\"1\" rowspan=\"1\" width=\"200\">H.265 Type<\/th>\n<td class=\"tdline3\" colspan=\"1\" rowspan=\"1\">Main Profile<\/td>\n<\/tr>\n<tr class=\"lines\">\n<th colspan=\"1\" rowspan=\"1\" width=\"200\">\u0645\u0639\u062f\u0644 \u0628\u062a \u0627\u0644\u0641\u064a\u062f\u064a\u0648<\/th>\n<td class=\"tdline3\" colspan=\"1\" rowspan=\"1\">Ultra HD; Quad HD; Full HD;HD. Adaptive bit rate.<\/td>\n<\/tr>\n<tr class=\"lines\">\n<th colspan=\"1\" rowspan=\"1\" width=\"200\">Audio Bit Rate<\/th>\n<td class=\"tdline3\" colspan=\"1\" rowspan=\"1\">Self-Adaptive<\/td>\n<\/tr>\n<tr class=\"line\">\n<th class=\"title\" colspan=\"2\" rowspan=\"1\">\u0634\u0628\u0643\u0629<\/th>\n<\/tr>\n<tr class=\"lines\">\n<th colspan=\"1\" rowspan=\"1\" width=\"200\">Wi-Fi Standard<\/th>\n<td class=\"tdline3\" colspan=\"1\" rowspan=\"1\">IEEE802.11b\u060c 802.11g\u060c 802.11n<\/td>\n<\/tr>\n<tr class=\"lines\">\n<th colspan=\"1\" rowspan=\"1\" width=\"200\">\u0646\u0637\u0627\u0642 \u0627\u0644\u062a\u0631\u062f\u062f<\/th>\n<td class=\"tdline3\" colspan=\"1\" rowspan=\"1\">2.4 \u062c\u064a\u062c\u0627\u0647\u0631\u062a\u0632 ~ 2.4835 \u062c\u064a\u062c\u0627\u0647\u0631\u062a\u0632<\/td>\n<\/tr>\n<tr class=\"lines\">\n<th colspan=\"1\" rowspan=\"1\" width=\"200\">\u0639\u0631\u0636 \u0627\u0644\u0646\u0637\u0627\u0642 \u0627\u0644\u062a\u0631\u062f\u062f\u064a \u0644\u0644\u0642\u0646\u0627\u0629<\/th>\n<td class=\"tdline3\" colspan=\"1\" rowspan=\"1\">\u064a\u062f\u0639\u0645 20 \u0645\u064a\u062c\u0627 \u0647\u0631\u062a\u0632<\/td>\n<\/tr>\n<tr class=\"lines\">\n<th colspan=\"1\" rowspan=\"1\" width=\"200\">\u062d\u0645\u0627\u064a\u0629<\/th>\n<td class=\"tdline3\" colspan=\"1\" rowspan=\"1\">64 \/ 128 &#8211; bit WEP, WPA \/ WPA2, WPA-PSK \/ WPA2 &#8211; PSK<\/td>\n<\/tr>\n<tr class=\"lines\">\n<th colspan=\"1\" rowspan=\"1\" width=\"200\">\u0645\u0639\u062f\u0644 \u0627\u0644\u0646\u0642\u0644<\/th>\n<td class=\"tdline3\" colspan=\"1\" rowspan=\"1\">11b : 11 Mbps, 11g : 54 Mbps, 11n : 150 Mbps<\/td>\n<\/tr>\n<tr class=\"lines\">\n<th colspan=\"1\" rowspan=\"1\" width=\"200\">\u0625\u0642\u0631\u0627\u0646 Wi-Fi<\/th>\n<td class=\"tdline3\" colspan=\"1\" rowspan=\"1\">\u0627\u0642\u062a\u0631\u0627\u0646 AP<\/td>\n<\/tr>\n<tr class=\"lines\">\n<th colspan=\"1\" rowspan=\"1\" width=\"200\">\u0628\u0631\u0648\u062a\u0648\u0643\u0648\u0644<\/th>\n<td class=\"tdline3\" colspan=\"1\" rowspan=\"1\">EZVIZ Cloud Proprietary Protocol<\/td>\n<\/tr>\n<tr class=\"lines\">\n<th colspan=\"1\" rowspan=\"1\" width=\"200\">\u0628\u0631\u0648\u062a\u0648\u0643\u0648\u0644 \u0627\u0644\u0648\u0627\u062c\u0647\u0629<\/th>\n<td class=\"tdline3\" colspan=\"1\" rowspan=\"1\">EZVIZ Cloud Proprietary Protocol<\/td>\n<\/tr>\n<tr class=\"lines\">\n<th colspan=\"1\" rowspan=\"1\" width=\"200\">\u0634\u0628\u0643\u0629 \u0633\u0644\u0643\u064a\u0629<\/th>\n<td class=\"tdline3\" colspan=\"1\" rowspan=\"1\">RJ45 \u00d7 1 (10M \/ 100M Adaptive Ethernet Port)<\/td>\n<\/tr>\n<tr class=\"line\">\n<th class=\"title\" colspan=\"2\" rowspan=\"1\">\u0627\u0644\u0648\u0638\u0627\u0626\u0641<\/th>\n<\/tr>\n<tr class=\"lines\">\n<th colspan=\"1\" rowspan=\"1\" width=\"200\">\u0625\u0646\u0630\u0627\u0631 \u0630\u0643\u064a<\/th>\n<td class=\"tdline3\" colspan=\"1\" rowspan=\"1\">AI-powered human shape detection<\/p>\n<p>AI-powered vehicle shape detection<\/td>\n<\/tr>\n<tr class=\"lines\">\n<th colspan=\"1\" rowspan=\"1\" width=\"200\">Customized Alert Area<\/th>\n<td class=\"tdline3\" colspan=\"1\" rowspan=\"1\">Supports<\/td>\n<\/tr>\n<tr class=\"lines\">\n<th colspan=\"1\" rowspan=\"1\" width=\"200\">Two-way Talk<\/th>\n<td class=\"tdline3\" colspan=\"1\" rowspan=\"1\">Supports<\/td>\n<\/tr>\n<tr class=\"lines\">\n<th colspan=\"1\" rowspan=\"1\" width=\"200\">Auto Tracking<\/th>\n<td class=\"tdline3\" colspan=\"1\" rowspan=\"1\">Supports<\/td>\n<\/tr>\n<tr class=\"lines\">\n<th colspan=\"1\" rowspan=\"1\" width=\"200\">General Function<\/th>\n<td class=\"tdline3\" colspan=\"1\" rowspan=\"1\">Anti-Flicker, Dual-Stream, Heart Beat, Password Protection, Watermark<\/td>\n<\/tr>\n<tr class=\"line\">\n<th class=\"title\" colspan=\"2\" rowspan=\"1\">\u062a\u062e\u0632\u064a\u0646<\/th>\n<\/tr>\n<tr class=\"lines\">\n<th colspan=\"1\" rowspan=\"1\" width=\"200\">Local Storage<\/th>\n<td class=\"tdline3\" colspan=\"1\" rowspan=\"1\">Supports microSD Card (Up to 512 GB)<\/td>\n<\/tr>\n<tr class=\"lines\">\n<th colspan=\"1\" rowspan=\"1\" width=\"200\">Cloud Storage<\/th>\n<td class=\"tdline3\" colspan=\"1\" rowspan=\"1\">Supports EZVIZ CloudPlay storage (Subscription required)<\/td>\n<\/tr>\n<tr class=\"line\">\n<th class=\"title\" colspan=\"2\" rowspan=\"1\">\u0639\u0627\u0645<\/th>\n<\/tr>\n<tr class=\"lines\">\n<th colspan=\"1\" rowspan=\"1\" width=\"200\">\u0638\u0631\u0648\u0641 \u0627\u0644\u062a\u0634\u063a\u064a\u0644<\/th>\n<td class=\"tdline3\" colspan=\"1\" rowspan=\"1\">-30\u00baC ~ 50\u00baC Humidity 95% or less (non-condensing)<\/td>\n<\/tr>\n<tr class=\"lines\">\n<th colspan=\"1\" rowspan=\"1\" width=\"200\">IP Grade<\/th>\n<td class=\"tdline3\" colspan=\"1\" rowspan=\"1\">IP65<\/td>\n<\/tr>\n<tr class=\"lines\">\n<th colspan=\"1\" rowspan=\"1\" width=\"200\">\u0645\u0632\u0648\u062f \u0627\u0644\u0637\u0627\u0642\u0629<\/th>\n<td class=\"tdline3\" colspan=\"1\" rowspan=\"1\">DC 12V\/1A<\/td>\n<\/tr>\n<tr class=\"lines\">\n<th colspan=\"1\" rowspan=\"1\" width=\"200\">\u0627\u0633\u062a\u0647\u0644\u0627\u0643 \u0627\u0644\u0637\u0627\u0642\u0629<\/th>\n<td class=\"tdline3\" colspan=\"1\" rowspan=\"1\">MAX. 12W<\/td>\n<\/tr>\n<tr class=\"lines\">\n<th colspan=\"1\" rowspan=\"1\" width=\"200\">\u0623\u0628\u0639\u0627\u062f<\/th>\n<td class=\"tdline3\" colspan=\"1\" rowspan=\"1\">170 \u00d7 112 \u00d7 154 mm (6.69 \u00d7 4.41 \u00d7 6.06 inch)<\/td>\n<\/tr>\n<tr class=\"lines\">\n<th colspan=\"1\" rowspan=\"1\" width=\"200\">\u0623\u0628\u0639\u0627\u062f \u0627\u0644\u062a\u063a\u0644\u064a\u0641<\/th>\n<td class=\"tdline3\" colspan=\"1\" rowspan=\"1\">205 \u00d7 176 \u00d7 194 mm (8.07 \u00d7 6.93 \u00d7 7.64 inch)<\/td>\n<\/tr>\n<tr class=\"lines\">\n<th colspan=\"1\" rowspan=\"1\" width=\"200\">\u0648\u0632\u0646<\/th>\n<td class=\"tdline3\" colspan=\"1\" rowspan=\"1\">Product: 630 g (22.22 oz)<\/p>\n<p>Weight with package: 1035 g (36.5 oz)<\/td>\n<\/tr>\n<\/tbody>\n<\/table>","protected":false},"excerpt":{"rendered":"<p>Specifications Model CS-H80x-R100-8G82WKFL Camera Image Sensor 1\/2.7\u201d + 1\/2.9\u201d Progressive Scan CMOS Shutter Speed Self-adaptive shutter Lens 4mm @ F1.0,<\/p>","protected":false},"featured_media":26416,"comment_status":"open","ping_status":"closed","template":"","meta":{"jetpack_publicize_message":"","jetpack_publicize_feature_enabled":true,"jetpack_social_post_already_shared":true,"jetpack_social_options":{"image_generator_settings":{"template":"highway","default_image_id":0,"font":"","enabled":false},"version":2}},"product_brand":[],"product_cat":[615],"product_tag":[],"class_list":{"0":"post-26415","1":"product","2":"type-product","3":"status-publish","4":"has-post-thumbnail","6":"product_cat-ezviz","8":"first","9":"instock","10":"shipping-taxable","11":"purchasable","12":"product-type-simple"},"jetpack_publicize_connections":[],"jetpack_sharing_enabled":true,"_links":{"self":[{"href":"https:\/\/omanphone.shop\/ar\/wp-json\/wp\/v2\/product\/26415","targetHints":{"allow":["GET"]}}],"collection":[{"href":"https:\/\/omanphone.shop\/ar\/wp-json\/wp\/v2\/product"}],"about":[{"href":"https:\/\/omanphone.shop\/ar\/wp-json\/wp\/v2\/types\/product"}],"replies":[{"embeddable":true,"href":"https:\/\/omanphone.shop\/ar\/wp-json\/wp\/v2\/comments?post=26415"}],"version-history":[{"count":2,"href":"https:\/\/omanphone.shop\/ar\/wp-json\/wp\/v2\/product\/26415\/revisions"}],"predecessor-version":[{"id":26419,"href":"https:\/\/omanphone.shop\/ar\/wp-json\/wp\/v2\/product\/26415\/revisions\/26419"}],"wp:featuredmedia":[{"embeddable":true,"href":"https:\/\/omanphone.shop\/ar\/wp-json\/wp\/v2\/media\/26416"}],"wp:attachment":[{"href":"https:\/\/omanphone.shop\/ar\/wp-json\/wp\/v2\/media?parent=26415"}],"wp:term":[{"taxonomy":"product_brand","embeddable":true,"href":"https:\/\/omanphone.shop\/ar\/wp-json\/wp\/v2\/product_brand?post=26415"},{"taxonomy":"product_cat","embeddable":true,"href":"https:\/\/omanphone.shop\/ar\/wp-json\/wp\/v2\/product_cat?post=26415"},{"taxonomy":"product_tag","embeddable":true,"href":"https:\/\/omanphone.shop\/ar\/wp-json\/wp\/v2\/product_tag?post=26415"}],"curies":[{"name":"wp","href":"https:\/\/api.w.org\/{rel}","templated":true}]}}