{"id":26410,"date":"2025-05-06T13:15:35","date_gmt":"2025-05-06T09:15:35","guid":{"rendered":"https:\/\/omanphone.shop\/?post_type=product&#038;p=26410"},"modified":"2026-02-12T15:51:58","modified_gmt":"2026-02-12T11:51:58","slug":"ezviz-cs-h9c-3k-dual-cam-outdoor","status":"publish","type":"product","link":"https:\/\/omanphone.shop\/ar\/product\/ezviz-cs-h9c-3k-dual-cam-outdoor\/","title":{"rendered":"EZVIZ CS-H9C 3K Dual cam outdoor"},"content":{"rendered":"<table class=\"pro_infobox\">\n<tbody>\n<tr class=\"line firstRow\">\n<th class=\"title\" colspan=\"2\" rowspan=\"1\">\u062a\u062d\u062f\u064a\u062f<\/th>\n<\/tr>\n<tr class=\"lines\">\n<th colspan=\"1\" rowspan=\"1\" width=\"200\">\u0646\u0645\u0648\u0630\u062c<\/th>\n<td class=\"tdline3\" colspan=\"1\" rowspan=\"1\">CS-H9c-R100-8G55WKFL<\/td>\n<\/tr>\n<tr class=\"line\">\n<th class=\"title\" colspan=\"2\" rowspan=\"1\">\u0622\u0644\u0629 \u062a\u0635\u0648\u064a\u0631<\/th>\n<\/tr>\n<tr class=\"lines\">\n<th colspan=\"1\" rowspan=\"1\" width=\"200\">Image Sensor<\/th>\n<td class=\"tdline3\" colspan=\"1\" rowspan=\"1\">1\/2.7&#8243; Progressive Scan CMOS<\/td>\n<\/tr>\n<tr class=\"lines\">\n<th colspan=\"1\" rowspan=\"1\" width=\"200\">\u0633\u0631\u0639\u0629 \u0627\u0644\u063a\u0627\u0644\u0642<\/th>\n<td class=\"tdline3\" colspan=\"1\" rowspan=\"1\">\u0645\u0635\u0631\u0627\u0639 \u0630\u0627\u062a\u064a \u0627\u0644\u062a\u0643\u064a\u0641<\/td>\n<\/tr>\n<tr class=\"lines\">\n<th colspan=\"1\" rowspan=\"1\" width=\"200\">\u0639\u062f\u0633\u0629<\/th>\n<td class=\"tdline3\" colspan=\"1\" rowspan=\"1\">Fix Lens: 2.8mm@ F1.6, viewing angle: Diagonal 132\u00b0, Horizontal 110\u00b0, vertical 58\u00b0 Pan&amp;Tilt Lens: 6mm@F1.6, viewing angle: Diagonal 64\u00b0, Horizontal 56\u00b0, vertical 29\u00b0<\/td>\n<\/tr>\n<tr class=\"lines\">\n<th colspan=\"1\" rowspan=\"1\" width=\"200\">PT Angle<\/th>\n<td class=\"tdline3\" colspan=\"1\" rowspan=\"1\">Pan: 350\u00b0, Tilt: 80\u00b0<\/td>\n<\/tr>\n<tr class=\"lines\">\n<th colspan=\"1\" rowspan=\"1\" width=\"200\">Minimum Illumination<\/th>\n<td class=\"tdline3\" colspan=\"1\" rowspan=\"1\">0.5 Lux @(F1.6, AGC ON), 0 Lux with IR (*data is obtained from EZVIZ laboratories)<\/td>\n<\/tr>\n<tr class=\"lines\">\n<th colspan=\"1\" rowspan=\"1\" width=\"200\">\u062d\u0627\u0645\u0644 \u0627\u0644\u0639\u062f\u0633\u0629<\/th>\n<td class=\"tdline3\" colspan=\"1\" rowspan=\"1\">\u064512<\/td>\n<\/tr>\n<tr class=\"lines\">\n<th colspan=\"1\" rowspan=\"1\" width=\"200\">\u0627\u0644\u0644\u064a\u0644 \u0648\u0627\u0644\u0646\u0647\u0627\u0631<\/th>\n<td class=\"tdline3\" colspan=\"1\" rowspan=\"1\">IR-cut filter with auto-switching<\/td>\n<\/tr>\n<tr class=\"lines\">\n<th colspan=\"1\" rowspan=\"1\" width=\"200\">\u0644\u0627 \u0644\u0644\u0625\u0646\u0639\u0627\u0634<\/th>\n<td class=\"tdline3\" colspan=\"1\" rowspan=\"1\">3D \u0639\u062f\u0645 \u0627\u0644\u0625\u0646\u0639\u0627\u0634<\/td>\n<\/tr>\n<tr class=\"lines\">\n<th colspan=\"1\" rowspan=\"1\" width=\"200\">\u0646\u0637\u0627\u0642 \u0627\u0644\u0639\u0631\u0636 \u0627\u0644\u062f\u064a\u0646\u0627\u0645\u064a\u0643\u064a<\/th>\n<td class=\"tdline3\" colspan=\"1\" rowspan=\"1\">\u0627\u0644\u0646\u0637\u0627\u0642 \u0627\u0644\u062f\u064a\u0646\u0627\u0645\u064a\u0643\u064a \u0627\u0644\u0639\u0627\u0644\u0645\u064a \u0627\u0644\u0631\u0642\u0645\u064a<\/td>\n<\/tr>\n<tr class=\"lines\">\n<th colspan=\"1\" rowspan=\"1\" width=\"200\">Black &amp; White Night<\/th>\n<td class=\"tdline3\" colspan=\"1\" rowspan=\"1\">30m \/ 98ft<\/td>\n<\/tr>\n<tr class=\"line\">\n<th class=\"title\" colspan=\"2\" rowspan=\"1\">Video &amp; Audio<\/th>\n<\/tr>\n<tr class=\"lines\">\n<th colspan=\"1\" rowspan=\"1\" width=\"200\">Max Resolution<\/th>\n<td class=\"tdline3\" colspan=\"1\" rowspan=\"1\">2880 \u00d7 1620<\/td>\n<\/tr>\n<tr class=\"lines\">\n<th colspan=\"1\" rowspan=\"1\" width=\"200\">\u0645\u0639\u062f\u0644 \u0627\u0644\u0625\u0637\u0627\u0631\u0627\u062a<\/th>\n<td class=\"tdline3\" colspan=\"1\" rowspan=\"1\">Max:15fps; Self-Adaptive during network transmission<\/td>\n<\/tr>\n<tr class=\"lines\">\n<th colspan=\"1\" rowspan=\"1\" width=\"200\">\u0636\u063a\u0637 \u0627\u0644\u0641\u064a\u062f\u064a\u0648<\/th>\n<td class=\"tdline3\" colspan=\"1\" rowspan=\"1\">H.265 \/ H.264<\/td>\n<\/tr>\n<tr class=\"lines\">\n<th colspan=\"1\" rowspan=\"1\" width=\"200\">H.265 Type<\/th>\n<td class=\"tdline3\" colspan=\"1\" rowspan=\"1\">Main Profile<\/td>\n<\/tr>\n<tr class=\"lines\">\n<th colspan=\"1\" rowspan=\"1\" width=\"200\">\u0645\u0639\u062f\u0644 \u0628\u062a \u0627\u0644\u0641\u064a\u062f\u064a\u0648<\/th>\n<td class=\"tdline3\" colspan=\"1\" rowspan=\"1\">Ultra-HD; Hi-Def; Standard. Adaptive bit rate.<\/td>\n<\/tr>\n<tr class=\"lines\">\n<th colspan=\"1\" rowspan=\"1\" width=\"200\">Audio Bit Rate<\/th>\n<td class=\"tdline3\" colspan=\"1\" rowspan=\"1\">Self-Adaptive<\/td>\n<\/tr>\n<tr class=\"line\">\n<th class=\"title\" colspan=\"2\" rowspan=\"1\">\u0634\u0628\u0643\u0629<\/th>\n<\/tr>\n<tr class=\"lines\">\n<th colspan=\"1\" rowspan=\"1\" width=\"200\">Wi-Fi Standard<\/th>\n<td class=\"tdline3\" colspan=\"1\" rowspan=\"1\">IEEE802.11b\u060c 802.11g\u060c 802.11n<\/td>\n<\/tr>\n<tr class=\"lines\">\n<th colspan=\"1\" rowspan=\"1\" width=\"200\">\u0646\u0637\u0627\u0642 \u0627\u0644\u062a\u0631\u062f\u062f<\/th>\n<td class=\"tdline3\" colspan=\"1\" rowspan=\"1\">2.4 \u062c\u064a\u062c\u0627\u0647\u0631\u062a\u0632 ~ 2.4835 \u062c\u064a\u062c\u0627\u0647\u0631\u062a\u0632<\/td>\n<\/tr>\n<tr class=\"lines\">\n<th colspan=\"1\" rowspan=\"1\" width=\"200\">\u0639\u0631\u0636 \u0627\u0644\u0646\u0637\u0627\u0642 \u0627\u0644\u062a\u0631\u062f\u062f\u064a \u0644\u0644\u0642\u0646\u0627\u0629<\/th>\n<td class=\"tdline3\" colspan=\"1\" rowspan=\"1\">\u064a\u062f\u0639\u0645 20 \u0645\u064a\u062c\u0627 \u0647\u0631\u062a\u0632<\/td>\n<\/tr>\n<tr class=\"lines\">\n<th colspan=\"1\" rowspan=\"1\" width=\"200\">\u0645\u0639\u062f\u0644 \u0627\u0644\u0646\u0642\u0644<\/th>\n<td class=\"tdline3\" colspan=\"1\" rowspan=\"1\">11b 11 Mbps, 11g 54 Mbps, 11n: 150 Mbps<\/td>\n<\/tr>\n<tr class=\"lines\">\n<th colspan=\"1\" rowspan=\"1\" width=\"200\">\u0625\u0642\u0631\u0627\u0646 Wi-Fi<\/th>\n<td class=\"tdline3\" colspan=\"1\" rowspan=\"1\">\u0627\u0642\u062a\u0631\u0627\u0646 AP<\/td>\n<\/tr>\n<tr class=\"lines\">\n<th colspan=\"1\" rowspan=\"1\" width=\"200\">\u0628\u0631\u0648\u062a\u0648\u0643\u0648\u0644<\/th>\n<td class=\"tdline3\" colspan=\"1\" rowspan=\"1\">\u0628\u0631\u0648\u062a\u0648\u0643\u0648\u0644 EZVIZ \u0627\u0644\u0633\u062d\u0627\u0628\u064a \u0627\u0644\u0645\u0645\u0644\u0648\u0643<\/td>\n<\/tr>\n<tr class=\"lines\">\n<th colspan=\"1\" rowspan=\"1\" width=\"200\">\u0628\u0631\u0648\u062a\u0648\u0643\u0648\u0644 \u0627\u0644\u0648\u0627\u062c\u0647\u0629<\/th>\n<td class=\"tdline3\" colspan=\"1\" rowspan=\"1\">\u0628\u0631\u0648\u062a\u0648\u0643\u0648\u0644 EZVIZ \u0627\u0644\u0633\u062d\u0627\u0628\u064a \u0627\u0644\u0645\u0645\u0644\u0648\u0643<\/td>\n<\/tr>\n<tr class=\"lines\">\n<th colspan=\"1\" rowspan=\"1\" width=\"200\">\u0634\u0628\u0643\u0629 \u0633\u0644\u0643\u064a\u0629<\/th>\n<td class=\"tdline3\" colspan=\"1\" rowspan=\"1\">RJ45 \u00d7 1 (10M \/ 100M Adaptive Ethernet Port)<\/td>\n<\/tr>\n<tr class=\"lines\">\n<th colspan=\"1\" rowspan=\"1\" width=\"200\">\u062d\u0645\u0627\u064a\u0629<\/th>\n<td class=\"tdline3\" colspan=\"1\" rowspan=\"1\">WPA-PSK\/WPA2-PSK<\/td>\n<\/tr>\n<tr class=\"line\">\n<th class=\"title\" colspan=\"2\" rowspan=\"1\">\u0627\u0644\u0648\u0638\u0627\u0626\u0641<\/th>\n<\/tr>\n<tr class=\"lines\">\n<th colspan=\"1\" rowspan=\"1\" width=\"200\">\u0625\u0646\u0630\u0627\u0631 \u0630\u0643\u064a<\/th>\n<td class=\"tdline3\" colspan=\"1\" rowspan=\"1\">AI-Powered Human Shape Detection \/ AI-Powered Vehicle Shape Detection \/ Motion Detection<\/td>\n<\/tr>\n<tr class=\"lines\">\n<th colspan=\"1\" rowspan=\"1\" width=\"200\">Auto Tracking<\/th>\n<td class=\"tdline3\" colspan=\"1\" rowspan=\"1\">Supports<\/td>\n<\/tr>\n<tr class=\"lines\">\n<th colspan=\"1\" rowspan=\"1\" width=\"200\">Customized Alert Area<\/th>\n<td class=\"tdline3\" colspan=\"1\" rowspan=\"1\">Supports<\/td>\n<\/tr>\n<tr class=\"lines\">\n<th colspan=\"1\" rowspan=\"1\" width=\"200\">Two-way Talk<\/th>\n<td class=\"tdline3\" colspan=\"1\" rowspan=\"1\">Supports<\/td>\n<\/tr>\n<tr class=\"lines\">\n<th colspan=\"1\" rowspan=\"1\" width=\"200\">Preset Locations<\/th>\n<td class=\"tdline3\" colspan=\"1\" rowspan=\"1\">Supports<\/td>\n<\/tr>\n<tr class=\"lines\">\n<th colspan=\"1\" rowspan=\"1\" width=\"200\">General Function<\/th>\n<td class=\"tdline3\" colspan=\"1\" rowspan=\"1\">Anti-Flicker, Dual-Stream, Heart Beat, Password Protection, Watermark<\/td>\n<\/tr>\n<tr class=\"line\">\n<th class=\"title\" colspan=\"2\" rowspan=\"1\">\u062a\u062e\u0632\u064a\u0646<\/th>\n<\/tr>\n<tr class=\"lines\">\n<th colspan=\"1\" rowspan=\"1\" width=\"200\">Local Storage<\/th>\n<td class=\"tdline3\" colspan=\"1\" rowspan=\"1\">Supports microSD Card (Up to 512 GB)<\/td>\n<\/tr>\n<tr class=\"lines\">\n<th colspan=\"1\" rowspan=\"1\" width=\"200\">Cloud Storage<\/th>\n<td class=\"tdline3\" colspan=\"1\" rowspan=\"1\">EZVIZ CloudPlay storage<\/td>\n<\/tr>\n<tr class=\"line\">\n<th class=\"title\" colspan=\"2\" rowspan=\"1\">\u0639\u0627\u0645<\/th>\n<\/tr>\n<tr class=\"lines\">\n<th colspan=\"1\" rowspan=\"1\" width=\"200\">\u0638\u0631\u0648\u0641 \u0627\u0644\u062a\u0634\u063a\u064a\u0644<\/th>\n<td class=\"tdline3\" colspan=\"1\" rowspan=\"1\">-30\u00b0C to 50\u00b0C ( -22 \u00b0F to 122 \u00b0F ) Humidity 95% or less (non-condensing)<\/td>\n<\/tr>\n<tr class=\"lines\">\n<th colspan=\"1\" rowspan=\"1\" width=\"200\">IP Grade<\/th>\n<td class=\"tdline3\" colspan=\"1\" rowspan=\"1\">Weatherproof Design<\/td>\n<\/tr>\n<tr class=\"lines\">\n<th colspan=\"1\" rowspan=\"1\" width=\"200\">\u0645\u0632\u0648\u062f \u0627\u0644\u0637\u0627\u0642\u0629<\/th>\n<td class=\"tdline3\" colspan=\"1\" rowspan=\"1\">DC 12V\/1.5A<\/td>\n<\/tr>\n<tr class=\"lines\">\n<th colspan=\"1\" rowspan=\"1\" width=\"200\">\u0627\u0633\u062a\u0647\u0644\u0627\u0643 \u0627\u0644\u0637\u0627\u0642\u0629<\/th>\n<td class=\"tdline3\" colspan=\"1\" rowspan=\"1\">MAX. 12W<\/td>\n<\/tr>\n<tr class=\"lines\">\n<th colspan=\"1\" rowspan=\"1\" width=\"200\">\u0623\u0628\u0639\u0627\u062f<\/th>\n<td class=\"tdline3\" colspan=\"1\" rowspan=\"1\">145 \u00d7 116 \u00d7 142mm (5.71 \u00d7 4.57 \u00d7 5.59 inch)<\/td>\n<\/tr>\n<tr class=\"lines\">\n<th colspan=\"1\" rowspan=\"1\" width=\"200\">\u0623\u0628\u0639\u0627\u062f \u0627\u0644\u062a\u063a\u0644\u064a\u0641<\/th>\n<td class=\"tdline3\" colspan=\"1\" rowspan=\"1\">150 \u00d7 150 \u00d7 194mm (5.90 \u00d7 5.90 \u00d7 7.64 inch)<\/td>\n<\/tr>\n<tr class=\"lines\">\n<th colspan=\"1\" rowspan=\"1\" width=\"200\">\u0648\u0632\u0646<\/th>\n<td class=\"tdline3\" colspan=\"1\" rowspan=\"1\">Net Weight: 668 g With Package: 960 g<\/td>\n<\/tr>\n<\/tbody>\n<\/table>","protected":false},"excerpt":{"rendered":"<p>Specifications Model CS-H9c-R100-8G55WKFL Camera Image Sensor 1\/2.7&#8243; Progressive Scan CMOS Shutter Speed Self-adaptive shutter Lens Fix Lens: 2.8mm@ F1.6, viewing<\/p>","protected":false},"featured_media":26408,"comment_status":"open","ping_status":"closed","template":"","meta":{"jetpack_publicize_message":"","jetpack_publicize_feature_enabled":true,"jetpack_social_post_already_shared":true,"jetpack_social_options":{"image_generator_settings":{"template":"highway","default_image_id":0,"font":"","enabled":false},"version":2}},"product_brand":[],"product_cat":[615],"product_tag":[],"class_list":{"0":"post-26410","1":"product","2":"type-product","3":"status-publish","4":"has-post-thumbnail","6":"product_cat-ezviz","8":"first","9":"instock","10":"shipping-taxable","11":"purchasable","12":"product-type-simple"},"jetpack_publicize_connections":[],"jetpack_sharing_enabled":true,"_links":{"self":[{"href":"https:\/\/omanphone.shop\/ar\/wp-json\/wp\/v2\/product\/26410","targetHints":{"allow":["GET"]}}],"collection":[{"href":"https:\/\/omanphone.shop\/ar\/wp-json\/wp\/v2\/product"}],"about":[{"href":"https:\/\/omanphone.shop\/ar\/wp-json\/wp\/v2\/types\/product"}],"replies":[{"embeddable":true,"href":"https:\/\/omanphone.shop\/ar\/wp-json\/wp\/v2\/comments?post=26410"}],"version-history":[{"count":1,"href":"https:\/\/omanphone.shop\/ar\/wp-json\/wp\/v2\/product\/26410\/revisions"}],"predecessor-version":[{"id":26411,"href":"https:\/\/omanphone.shop\/ar\/wp-json\/wp\/v2\/product\/26410\/revisions\/26411"}],"wp:featuredmedia":[{"embeddable":true,"href":"https:\/\/omanphone.shop\/ar\/wp-json\/wp\/v2\/media\/26408"}],"wp:attachment":[{"href":"https:\/\/omanphone.shop\/ar\/wp-json\/wp\/v2\/media?parent=26410"}],"wp:term":[{"taxonomy":"product_brand","embeddable":true,"href":"https:\/\/omanphone.shop\/ar\/wp-json\/wp\/v2\/product_brand?post=26410"},{"taxonomy":"product_cat","embeddable":true,"href":"https:\/\/omanphone.shop\/ar\/wp-json\/wp\/v2\/product_cat?post=26410"},{"taxonomy":"product_tag","embeddable":true,"href":"https:\/\/omanphone.shop\/ar\/wp-json\/wp\/v2\/product_tag?post=26410"}],"curies":[{"name":"wp","href":"https:\/\/api.w.org\/{rel}","templated":true}]}}