{"id":25714,"date":"2025-04-22T12:17:04","date_gmt":"2025-04-22T08:17:04","guid":{"rendered":"https:\/\/omanphone.shop\/?post_type=product&#038;p=25714"},"modified":"2026-02-12T15:51:53","modified_gmt":"2026-02-12T11:51:53","slug":"green-lion-double-camping-chair","status":"publish","type":"product","link":"https:\/\/omanphone.shop\/ar\/product\/green-lion-double-camping-chair\/","title":{"rendered":"Green Lion Double Camping Chair"},"content":{"rendered":"<section class=\"pb16 o_colored_level\"><span class=\"text-black\">The Green Lion Double Camping Chair brings comfort, convenience, and toughness all together in one product; therefore, it is an essential partner in your outdoor adventures. Material: Excellent 600D oxford and steel pipes guarantee a premium support and durability for long-time use. Up to 200 kg of load capacity. This chair is designed for comfort and allows two persons to sit on it comfortably with juice glass holders. The design allows for portability; folded down, this measures 25 \u00d7 20 \u00d7 90 cm for easy carriage and storage in the storage bag provided. It opens to 140 \u00d7 50 \u00d7 90 cm with sufficient space and stability, given the strong safety lock that keeps it firmly in place. Setup for the Green Lion Double Camping Chair is quick and easy for camping, picnics, or a day at the beach in style and functionality.<\/span><strong><br \/>\n<\/strong><\/p>\n<\/section>\n<section class=\"o_colored_level pb0\">\n<h2 id=\"table_of_content_heading_1681747728173_271\" data-anchor=\"true\"><span class=\"text-o-color-1\">\u0627\u0644\u0645\u0648\u0627\u0635\u0641\u0627\u062a<\/span><\/h2>\n<ul>\n<li><strong>Material: 600D Oxford Fabric + Steel Pipe<\/strong><\/li>\n<li><strong>Load Capacity: 200 kg<\/strong><\/li>\n<li><strong>Folded Design: 25 \u00d7 20 \u00d7 90 cm<\/strong><\/li>\n<li><strong>Expanded Size: 140 \u00d7 50 \u00d7 90 cm<\/strong><\/li>\n<\/ul>\n<h2 id=\"table_of_content_heading_1681747728173_272\" data-anchor=\"true\"><span class=\"text-o-color-1 o_default_snippet_text\">\u0627\u0644\u0645\u0648\u0627\u0635\u0641\u0627\u062a<\/span><\/h2>\n<ul>\n<li><span class=\"base-fs\"><strong>Juice Glass Holders<\/strong><\/span><\/li>\n<li><span class=\"base-fs\"><strong>Comfortable Oxford Fabric<\/strong><\/span><\/li>\n<li><span class=\"base-fs\"><strong>Safety Lock<\/strong><\/span><\/li>\n<li><span class=\"base-fs\"><strong>\u0625\u0639\u062f\u0627\u062f \u0633\u0647\u0644<\/strong><\/span><\/li>\n<li><span class=\"base-fs\"><strong>Foldable Design<\/strong><\/span><\/li>\n<li><span class=\"base-fs\"><strong>High Quality Pipe<\/strong><\/span><\/li>\n<li><span class=\"base-fs\"><strong>Storage Bag Included<\/strong><\/span><\/li>\n<\/ul>\n<\/section>","protected":false},"excerpt":{"rendered":"<ul>\n<li><strong>Material: 600D Oxford Fabric + Steel Pipe<\/strong><\/li>\n<li><strong>Load Capacity: 200 kg<\/strong><\/li>\n<li><span class=\"base-fs\"><strong>Comfortable Oxford Fabric<\/strong><\/span><\/li>\n<li><span class=\"base-fs\"><strong>Safety Lock<\/strong><\/span><\/li>\n<li><span class=\"base-fs\"><strong>\u0625\u0639\u062f\u0627\u062f \u0633\u0647\u0644<\/strong><\/span><\/li>\n<li><\/li>\n<\/ul>","protected":false},"featured_media":25715,"comment_status":"open","ping_status":"closed","template":"","meta":{"jetpack_publicize_message":"","jetpack_publicize_feature_enabled":true,"jetpack_social_post_already_shared":true,"jetpack_social_options":{"image_generator_settings":{"template":"highway","default_image_id":0,"font":"","enabled":false},"version":2}},"product_brand":[],"product_cat":[609,522],"product_tag":[],"class_list":{"0":"post-25714","1":"product","2":"type-product","3":"status-publish","4":"has-post-thumbnail","6":"product_cat-camping","7":"product_cat-green-lion","9":"first","10":"outofstock","11":"shipping-taxable","12":"purchasable","13":"product-type-simple"},"jetpack_publicize_connections":[],"jetpack_sharing_enabled":true,"_links":{"self":[{"href":"https:\/\/omanphone.shop\/ar\/wp-json\/wp\/v2\/product\/25714","targetHints":{"allow":["GET"]}}],"collection":[{"href":"https:\/\/omanphone.shop\/ar\/wp-json\/wp\/v2\/product"}],"about":[{"href":"https:\/\/omanphone.shop\/ar\/wp-json\/wp\/v2\/types\/product"}],"replies":[{"embeddable":true,"href":"https:\/\/omanphone.shop\/ar\/wp-json\/wp\/v2\/comments?post=25714"}],"version-history":[{"count":2,"href":"https:\/\/omanphone.shop\/ar\/wp-json\/wp\/v2\/product\/25714\/revisions"}],"predecessor-version":[{"id":25717,"href":"https:\/\/omanphone.shop\/ar\/wp-json\/wp\/v2\/product\/25714\/revisions\/25717"}],"wp:featuredmedia":[{"embeddable":true,"href":"https:\/\/omanphone.shop\/ar\/wp-json\/wp\/v2\/media\/25715"}],"wp:attachment":[{"href":"https:\/\/omanphone.shop\/ar\/wp-json\/wp\/v2\/media?parent=25714"}],"wp:term":[{"taxonomy":"product_brand","embeddable":true,"href":"https:\/\/omanphone.shop\/ar\/wp-json\/wp\/v2\/product_brand?post=25714"},{"taxonomy":"product_cat","embeddable":true,"href":"https:\/\/omanphone.shop\/ar\/wp-json\/wp\/v2\/product_cat?post=25714"},{"taxonomy":"product_tag","embeddable":true,"href":"https:\/\/omanphone.shop\/ar\/wp-json\/wp\/v2\/product_tag?post=25714"}],"curies":[{"name":"wp","href":"https:\/\/api.w.org\/{rel}","templated":true}]}}