{"id":25710,"date":"2025-04-22T12:13:49","date_gmt":"2025-04-22T08:13:49","guid":{"rendered":"https:\/\/omanphone.shop\/?post_type=product&#038;p=25710"},"modified":"2026-02-12T15:51:53","modified_gmt":"2026-02-12T11:51:53","slug":"green-lion-heritage-foldable-chair","status":"publish","type":"product","link":"https:\/\/omanphone.shop\/ar\/product\/green-lion-heritage-foldable-chair\/","title":{"rendered":"Green Lion Heritage Foldable Chair"},"content":{"rendered":"<section class=\"pb16 o_colored_level\"><span class=\"text-black\">All your needs are considered when designing the Green Lion Heritage Foldable Chair, a blend of durability, comfort, and convenience. This chair is made from high-grade 600D Oxford Fabric, thus ensuring a strong, comfortable seat in which to lounge all day, while high-power iron pipes guarantee durability. With a whopping 200kg capacity, it is meant for heavy-duty, be it on outdoor excursions, camping trips, or courtyard parties. The chair is foldable for easy storage when folded, with compact dimensions of 17\u00d717\u00d798cm, and it is easy to carry. When opened, the chair makes up a roomy 56\u00d758\u00d794.5cm for an ergonomic seating position and comfort. The added cup holder also comes in handy so that beverages can be sipped within reach. Whether picnicking, attending a festival, or lounging in the backyard, this chair is essential!<\/span><\/p>\n<\/section>\n<section class=\"o_colored_level pb0\">\n<h2 id=\"table_of_content_heading_1681747728173_271\" data-anchor=\"true\"><span class=\"text-o-color-1 o_default_snippet_text\">\u0627\u0644\u0645\u0648\u0627\u0635\u0641\u0627\u062a<\/span><\/h2>\n<ul>\n<li><strong>Material: 600D Oxford Fabric<\/strong><\/li>\n<li><strong>Pipe Material: Iron<\/strong><\/li>\n<li><strong>Load Capacity: 200kg<\/strong><\/li>\n<li><strong>Folded Size: 17\u00d717\u00d798cm<\/strong><\/li>\n<li><strong>Expanded Size: 56\u00d758\u00d794.5cm<\/strong><\/li>\n<\/ul>\n<h2 id=\"table_of_content_heading_1681747728173_272\" data-anchor=\"true\"><span class=\"text-o-color-1 o_default_snippet_text\">\u0627\u0644\u0645\u0648\u0627\u0635\u0641\u0627\u062a<\/span><\/h2>\n<ul>\n<li><strong>Foldable Design<\/strong><\/li>\n<li><strong>Cup Holder<\/strong><\/li>\n<li><strong>High Quality Pipe<\/strong><\/li>\n<li><strong>Ergonomic Design<\/strong><\/li>\n<li><strong>Heavy-Duty Weight Capacity<\/strong><\/li>\n<\/ul>\n<\/section>","protected":false},"excerpt":{"rendered":"<ul>\n<li><strong>Material: 600D Oxford Fabric<\/strong><\/li>\n<li><strong>Load Capacity: 200kg<\/strong><\/li>\n<li><strong>Foldable Design<\/strong><\/li>\n<li><strong>Cup Holder<\/strong><\/li>\n<li><strong>High Quality Pipe<\/strong><\/li>\n<li><strong>Ergonomic Design<\/strong><\/li>\n<li><strong>Heavy-Duty Weight Capacity<\/strong><\/li>\n<\/ul>","protected":false},"featured_media":25711,"comment_status":"open","ping_status":"closed","template":"","meta":{"jetpack_publicize_message":"","jetpack_publicize_feature_enabled":true,"jetpack_social_post_already_shared":true,"jetpack_social_options":{"image_generator_settings":{"template":"highway","default_image_id":0,"font":"","enabled":false},"version":2}},"product_brand":[],"product_cat":[609,522],"product_tag":[],"class_list":{"0":"post-25710","1":"product","2":"type-product","3":"status-publish","4":"has-post-thumbnail","6":"product_cat-camping","7":"product_cat-green-lion","9":"first","10":"outofstock","11":"shipping-taxable","12":"purchasable","13":"product-type-simple"},"jetpack_publicize_connections":[],"jetpack_sharing_enabled":true,"_links":{"self":[{"href":"https:\/\/omanphone.shop\/ar\/wp-json\/wp\/v2\/product\/25710","targetHints":{"allow":["GET"]}}],"collection":[{"href":"https:\/\/omanphone.shop\/ar\/wp-json\/wp\/v2\/product"}],"about":[{"href":"https:\/\/omanphone.shop\/ar\/wp-json\/wp\/v2\/types\/product"}],"replies":[{"embeddable":true,"href":"https:\/\/omanphone.shop\/ar\/wp-json\/wp\/v2\/comments?post=25710"}],"version-history":[{"count":2,"href":"https:\/\/omanphone.shop\/ar\/wp-json\/wp\/v2\/product\/25710\/revisions"}],"predecessor-version":[{"id":25713,"href":"https:\/\/omanphone.shop\/ar\/wp-json\/wp\/v2\/product\/25710\/revisions\/25713"}],"wp:featuredmedia":[{"embeddable":true,"href":"https:\/\/omanphone.shop\/ar\/wp-json\/wp\/v2\/media\/25711"}],"wp:attachment":[{"href":"https:\/\/omanphone.shop\/ar\/wp-json\/wp\/v2\/media?parent=25710"}],"wp:term":[{"taxonomy":"product_brand","embeddable":true,"href":"https:\/\/omanphone.shop\/ar\/wp-json\/wp\/v2\/product_brand?post=25710"},{"taxonomy":"product_cat","embeddable":true,"href":"https:\/\/omanphone.shop\/ar\/wp-json\/wp\/v2\/product_cat?post=25710"},{"taxonomy":"product_tag","embeddable":true,"href":"https:\/\/omanphone.shop\/ar\/wp-json\/wp\/v2\/product_tag?post=25710"}],"curies":[{"name":"wp","href":"https:\/\/api.w.org\/{rel}","templated":true}]}}